{"id":36,"date":"2023-09-08T11:26:20","date_gmt":"2023-09-08T11:26:20","guid":{"rendered":"https:\/\/wooliv.pt\/?post_type=product&#038;p=36"},"modified":"2024-05-29T11:12:30","modified_gmt":"2024-05-29T11:12:30","slug":"hera","status":"publish","type":"product","link":"https:\/\/wooliv.pt\/fr\/produit\/screens\/hera\/","title":{"rendered":"Paravent Hera"},"content":{"rendered":"","protected":false},"excerpt":{"rendered":"<p><span class=\"S1PPyQ\">Cet \u00e9cran est une magnifique vitrine qui pr\u00e9sente une impressionnante combinaison de finitions, ce qui en fait une pi\u00e8ce remarquable qui ne manquera pas d'attirer les regards et d'ajouter une touche de raffinement.<\/span><\/p>","protected":false},"featured_media":797,"template":"","meta":[],"product_cat":[27],"product_tag":[],"class_list":["post-36","product","type-product","status-publish","has-post-thumbnail","hentry","product_cat-screens","add-to-wishlist-before_image"],"acf":[],"yoast_head":"<!-- This site is optimized with the Yoast SEO plugin v21.6 - https:\/\/yoast.com\/wordpress\/plugins\/seo\/ -->\n<title>Hera Screen - Wooliv<\/title>\n<meta name=\"robots\" content=\"index, follow, max-snippet:-1, max-image-preview:large, max-video-preview:-1\" \/>\n<link rel=\"canonical\" href=\"https:\/\/wooliv.pt\/fr\/produit\/screens\/hera\/\" \/>\n<meta property=\"og:locale\" content=\"fr_FR\" \/>\n<meta property=\"og:type\" content=\"article\" \/>\n<meta property=\"og:title\" content=\"Hera Screen - Wooliv\" \/>\n<meta property=\"og:description\" content=\"This screen is a beautiful display that features an impressive combination of finishes making it a standout piece that is sure to turn heads and add a touch of refinement.\" \/>\n<meta property=\"og:url\" content=\"https:\/\/wooliv.pt\/fr\/produit\/screens\/hera\/\" \/>\n<meta property=\"og:site_name\" content=\"Wooliv\" \/>\n<meta property=\"article:modified_time\" content=\"2024-05-29T11:12:30+00:00\" \/>\n<meta property=\"og:image\" content=\"https:\/\/wooliv.pt\/wp-content\/uploads\/2023\/09\/Hera-Screen-Wooliv-GREY-.jpg\" \/>\n\t<meta property=\"og:image:width\" content=\"1000\" \/>\n\t<meta property=\"og:image:height\" content=\"700\" \/>\n\t<meta property=\"og:image:type\" content=\"image\/jpeg\" \/>\n<meta name=\"twitter:card\" content=\"summary_large_image\" \/>\n<script type=\"application\/ld+json\" class=\"yoast-schema-graph\">{\"@context\":\"https:\/\/schema.org\",\"@graph\":[{\"@type\":\"WebPage\",\"@id\":\"https:\/\/wooliv.pt\/product\/screens\/hera\/\",\"url\":\"https:\/\/wooliv.pt\/product\/screens\/hera\/\",\"name\":\"Hera Screen - Wooliv\",\"isPartOf\":{\"@id\":\"https:\/\/wooliv.pt\/#website\"},\"datePublished\":\"2023-09-08T11:26:20+00:00\",\"dateModified\":\"2024-05-29T11:12:30+00:00\",\"breadcrumb\":{\"@id\":\"https:\/\/wooliv.pt\/product\/screens\/hera\/#breadcrumb\"},\"inLanguage\":\"fr-FR\",\"potentialAction\":[{\"@type\":\"ReadAction\",\"target\":[\"https:\/\/wooliv.pt\/product\/screens\/hera\/\"]}]},{\"@type\":\"BreadcrumbList\",\"@id\":\"https:\/\/wooliv.pt\/product\/screens\/hera\/#breadcrumb\",\"itemListElement\":[{\"@type\":\"ListItem\",\"position\":1,\"name\":\"Home\",\"item\":\"https:\/\/wooliv.pt\/\"},{\"@type\":\"ListItem\",\"position\":2,\"name\":\"Shop\",\"item\":\"https:\/\/wooliv.pt\/shop\/\"},{\"@type\":\"ListItem\",\"position\":3,\"name\":\"Hera Screen\"}]},{\"@type\":\"WebSite\",\"@id\":\"https:\/\/wooliv.pt\/#website\",\"url\":\"https:\/\/wooliv.pt\/\",\"name\":\"Wooliv\",\"description\":\"\",\"publisher\":{\"@id\":\"https:\/\/wooliv.pt\/#organization\"},\"potentialAction\":[{\"@type\":\"SearchAction\",\"target\":{\"@type\":\"EntryPoint\",\"urlTemplate\":\"https:\/\/wooliv.pt\/?s={search_term_string}\"},\"query-input\":\"required name=search_term_string\"}],\"inLanguage\":\"fr-FR\"},{\"@type\":\"Organization\",\"@id\":\"https:\/\/wooliv.pt\/#organization\",\"name\":\"Wooliv\",\"url\":\"https:\/\/wooliv.pt\/\",\"logo\":{\"@type\":\"ImageObject\",\"inLanguage\":\"fr-FR\",\"@id\":\"https:\/\/wooliv.pt\/#\/schema\/logo\/image\/\",\"url\":\"https:\/\/wooliv.pt\/wp-content\/uploads\/2023\/09\/icon-black-WOOLIV.png\",\"contentUrl\":\"https:\/\/wooliv.pt\/wp-content\/uploads\/2023\/09\/icon-black-WOOLIV.png\",\"width\":512,\"height\":512,\"caption\":\"Wooliv\"},\"image\":{\"@id\":\"https:\/\/wooliv.pt\/#\/schema\/logo\/image\/\"}}]}<\/script>\n<!-- \/ Yoast SEO plugin. -->","yoast_head_json":{"title":"Hera Screen - Wooliv","robots":{"index":"index","follow":"follow","max-snippet":"max-snippet:-1","max-image-preview":"max-image-preview:large","max-video-preview":"max-video-preview:-1"},"canonical":"https:\/\/wooliv.pt\/fr\/produit\/screens\/hera\/","og_locale":"fr_FR","og_type":"article","og_title":"Hera Screen - Wooliv","og_description":"This screen is a beautiful display that features an impressive combination of finishes making it a standout piece that is sure to turn heads and add a touch of refinement.","og_url":"https:\/\/wooliv.pt\/fr\/produit\/screens\/hera\/","og_site_name":"Wooliv","article_modified_time":"2024-05-29T11:12:30+00:00","og_image":[{"width":1000,"height":700,"url":"https:\/\/wooliv.pt\/wp-content\/uploads\/2023\/09\/Hera-Screen-Wooliv-GREY-.jpg","type":"image\/jpeg"}],"twitter_card":"summary_large_image","schema":{"@context":"https:\/\/schema.org","@graph":[{"@type":"WebPage","@id":"https:\/\/wooliv.pt\/product\/screens\/hera\/","url":"https:\/\/wooliv.pt\/product\/screens\/hera\/","name":"Hera Screen - Wooliv","isPartOf":{"@id":"https:\/\/wooliv.pt\/#website"},"datePublished":"2023-09-08T11:26:20+00:00","dateModified":"2024-05-29T11:12:30+00:00","breadcrumb":{"@id":"https:\/\/wooliv.pt\/product\/screens\/hera\/#breadcrumb"},"inLanguage":"fr-FR","potentialAction":[{"@type":"ReadAction","target":["https:\/\/wooliv.pt\/product\/screens\/hera\/"]}]},{"@type":"BreadcrumbList","@id":"https:\/\/wooliv.pt\/product\/screens\/hera\/#breadcrumb","itemListElement":[{"@type":"ListItem","position":1,"name":"Home","item":"https:\/\/wooliv.pt\/"},{"@type":"ListItem","position":2,"name":"Shop","item":"https:\/\/wooliv.pt\/shop\/"},{"@type":"ListItem","position":3,"name":"Hera Screen"}]},{"@type":"WebSite","@id":"https:\/\/wooliv.pt\/#website","url":"https:\/\/wooliv.pt\/","name":"Wooliv","description":"","publisher":{"@id":"https:\/\/wooliv.pt\/#organization"},"potentialAction":[{"@type":"SearchAction","target":{"@type":"EntryPoint","urlTemplate":"https:\/\/wooliv.pt\/?s={search_term_string}"},"query-input":"required name=search_term_string"}],"inLanguage":"fr-FR"},{"@type":"Organization","@id":"https:\/\/wooliv.pt\/#organization","name":"Wooliv","url":"https:\/\/wooliv.pt\/","logo":{"@type":"ImageObject","inLanguage":"fr-FR","@id":"https:\/\/wooliv.pt\/#\/schema\/logo\/image\/","url":"https:\/\/wooliv.pt\/wp-content\/uploads\/2023\/09\/icon-black-WOOLIV.png","contentUrl":"https:\/\/wooliv.pt\/wp-content\/uploads\/2023\/09\/icon-black-WOOLIV.png","width":512,"height":512,"caption":"Wooliv"},"image":{"@id":"https:\/\/wooliv.pt\/#\/schema\/logo\/image\/"}}]}},"_links":{"self":[{"href":"https:\/\/wooliv.pt\/fr\/wp-json\/wp\/v2\/product\/36","targetHints":{"allow":["GET"]}}],"collection":[{"href":"https:\/\/wooliv.pt\/fr\/wp-json\/wp\/v2\/product"}],"about":[{"href":"https:\/\/wooliv.pt\/fr\/wp-json\/wp\/v2\/types\/product"}],"wp:featuredmedia":[{"embeddable":true,"href":"https:\/\/wooliv.pt\/fr\/wp-json\/wp\/v2\/media\/797"}],"wp:attachment":[{"href":"https:\/\/wooliv.pt\/fr\/wp-json\/wp\/v2\/media?parent=36"}],"wp:term":[{"taxonomy":"product_cat","embeddable":true,"href":"https:\/\/wooliv.pt\/fr\/wp-json\/wp\/v2\/product_cat?post=36"},{"taxonomy":"product_tag","embeddable":true,"href":"https:\/\/wooliv.pt\/fr\/wp-json\/wp\/v2\/product_tag?post=36"}],"curies":[{"name":"wp","href":"https:\/\/api.w.org\/{rel}","templated":true}]}}