{"id":6151,"date":"2023-12-19T21:15:14","date_gmt":"2023-12-19T21:15:14","guid":{"rendered":"https:\/\/wooliv.pt\/?post_type=product&#038;p=6151"},"modified":"2025-06-16T09:54:03","modified_gmt":"2025-06-16T09:54:03","slug":"cronus-suspended-2","status":"publish","type":"product","link":"https:\/\/wooliv.pt\/fr\/produit\/sideboards\/cronus-suspended-2\/","title":{"rendered":"Buffet Cronus Suspendue"},"content":{"rendered":"","protected":false},"excerpt":{"rendered":"<p><span class=\"S1PPyQ\">Ce buffet est un superbe exemple de la mani\u00e8re dont les techniques traditionnelles et les styles contemporains peuvent \u00eatre m\u00e9lang\u00e9s pour cr\u00e9er une pi\u00e8ce de mobilier \u00e0 la fois intemporelle et moderne.<\/span><\/p>","protected":false},"featured_media":14798,"template":"","meta":[],"product_cat":[18],"product_tag":[],"class_list":["post-6151","product","type-product","status-publish","has-post-thumbnail","hentry","product_cat-sideboards","add-to-wishlist-before_image"],"acf":[],"yoast_head":"<!-- This site is optimized with the Yoast SEO plugin v21.6 - https:\/\/yoast.com\/wordpress\/plugins\/seo\/ -->\n<title>Cronus suspended Sideboard - Wooliv<\/title>\n<meta name=\"robots\" content=\"index, follow, max-snippet:-1, max-image-preview:large, max-video-preview:-1\" \/>\n<link rel=\"canonical\" href=\"https:\/\/wooliv.pt\/fr\/produit\/sideboards\/cronus-suspended-2\/\" \/>\n<meta property=\"og:locale\" content=\"fr_FR\" \/>\n<meta property=\"og:type\" content=\"article\" \/>\n<meta property=\"og:title\" content=\"Cronus suspended Sideboard - Wooliv\" \/>\n<meta property=\"og:description\" content=\"This sideboard is a stunning example of how traditional techniques and contemporary styles can be blended together to create a piece of furniture that is both timeless and modern.\" \/>\n<meta property=\"og:url\" content=\"https:\/\/wooliv.pt\/fr\/produit\/sideboards\/cronus-suspended-2\/\" \/>\n<meta property=\"og:site_name\" content=\"Wooliv\" \/>\n<meta property=\"article:modified_time\" content=\"2025-06-16T09:54:03+00:00\" \/>\n<meta property=\"og:image\" content=\"https:\/\/wooliv.pt\/wp-content\/uploads\/2023\/12\/cronus-suspended-sideboard-by-wooliv-4.jpg\" \/>\n\t<meta property=\"og:image:width\" content=\"1000\" \/>\n\t<meta property=\"og:image:height\" content=\"700\" \/>\n\t<meta property=\"og:image:type\" content=\"image\/jpeg\" \/>\n<meta name=\"twitter:card\" content=\"summary_large_image\" \/>\n<script type=\"application\/ld+json\" class=\"yoast-schema-graph\">{\"@context\":\"https:\/\/schema.org\",\"@graph\":[{\"@type\":\"WebPage\",\"@id\":\"https:\/\/wooliv.pt\/product\/sideboards\/cronus-suspended-2\/\",\"url\":\"https:\/\/wooliv.pt\/product\/sideboards\/cronus-suspended-2\/\",\"name\":\"Cronus suspended Sideboard - Wooliv\",\"isPartOf\":{\"@id\":\"https:\/\/wooliv.pt\/#website\"},\"datePublished\":\"2023-12-19T21:15:14+00:00\",\"dateModified\":\"2025-06-16T09:54:03+00:00\",\"breadcrumb\":{\"@id\":\"https:\/\/wooliv.pt\/product\/sideboards\/cronus-suspended-2\/#breadcrumb\"},\"inLanguage\":\"fr-FR\",\"potentialAction\":[{\"@type\":\"ReadAction\",\"target\":[\"https:\/\/wooliv.pt\/product\/sideboards\/cronus-suspended-2\/\"]}]},{\"@type\":\"BreadcrumbList\",\"@id\":\"https:\/\/wooliv.pt\/product\/sideboards\/cronus-suspended-2\/#breadcrumb\",\"itemListElement\":[{\"@type\":\"ListItem\",\"position\":1,\"name\":\"Home\",\"item\":\"https:\/\/wooliv.pt\/\"},{\"@type\":\"ListItem\",\"position\":2,\"name\":\"Shop\",\"item\":\"https:\/\/wooliv.pt\/shop\/\"},{\"@type\":\"ListItem\",\"position\":3,\"name\":\"Cronus suspended Sideboard\"}]},{\"@type\":\"WebSite\",\"@id\":\"https:\/\/wooliv.pt\/#website\",\"url\":\"https:\/\/wooliv.pt\/\",\"name\":\"Wooliv\",\"description\":\"\",\"publisher\":{\"@id\":\"https:\/\/wooliv.pt\/#organization\"},\"potentialAction\":[{\"@type\":\"SearchAction\",\"target\":{\"@type\":\"EntryPoint\",\"urlTemplate\":\"https:\/\/wooliv.pt\/?s={search_term_string}\"},\"query-input\":\"required name=search_term_string\"}],\"inLanguage\":\"fr-FR\"},{\"@type\":\"Organization\",\"@id\":\"https:\/\/wooliv.pt\/#organization\",\"name\":\"Wooliv\",\"url\":\"https:\/\/wooliv.pt\/\",\"logo\":{\"@type\":\"ImageObject\",\"inLanguage\":\"fr-FR\",\"@id\":\"https:\/\/wooliv.pt\/#\/schema\/logo\/image\/\",\"url\":\"https:\/\/wooliv.pt\/wp-content\/uploads\/2023\/09\/icon-black-WOOLIV.png\",\"contentUrl\":\"https:\/\/wooliv.pt\/wp-content\/uploads\/2023\/09\/icon-black-WOOLIV.png\",\"width\":512,\"height\":512,\"caption\":\"Wooliv\"},\"image\":{\"@id\":\"https:\/\/wooliv.pt\/#\/schema\/logo\/image\/\"}}]}<\/script>\n<!-- \/ Yoast SEO plugin. -->","yoast_head_json":{"title":"Cronus suspended Sideboard - Wooliv","robots":{"index":"index","follow":"follow","max-snippet":"max-snippet:-1","max-image-preview":"max-image-preview:large","max-video-preview":"max-video-preview:-1"},"canonical":"https:\/\/wooliv.pt\/fr\/produit\/sideboards\/cronus-suspended-2\/","og_locale":"fr_FR","og_type":"article","og_title":"Cronus suspended Sideboard - Wooliv","og_description":"This sideboard is a stunning example of how traditional techniques and contemporary styles can be blended together to create a piece of furniture that is both timeless and modern.","og_url":"https:\/\/wooliv.pt\/fr\/produit\/sideboards\/cronus-suspended-2\/","og_site_name":"Wooliv","article_modified_time":"2025-06-16T09:54:03+00:00","og_image":[{"width":1000,"height":700,"url":"https:\/\/wooliv.pt\/wp-content\/uploads\/2023\/12\/cronus-suspended-sideboard-by-wooliv-4.jpg","type":"image\/jpeg"}],"twitter_card":"summary_large_image","schema":{"@context":"https:\/\/schema.org","@graph":[{"@type":"WebPage","@id":"https:\/\/wooliv.pt\/product\/sideboards\/cronus-suspended-2\/","url":"https:\/\/wooliv.pt\/product\/sideboards\/cronus-suspended-2\/","name":"Cronus suspended Sideboard - Wooliv","isPartOf":{"@id":"https:\/\/wooliv.pt\/#website"},"datePublished":"2023-12-19T21:15:14+00:00","dateModified":"2025-06-16T09:54:03+00:00","breadcrumb":{"@id":"https:\/\/wooliv.pt\/product\/sideboards\/cronus-suspended-2\/#breadcrumb"},"inLanguage":"fr-FR","potentialAction":[{"@type":"ReadAction","target":["https:\/\/wooliv.pt\/product\/sideboards\/cronus-suspended-2\/"]}]},{"@type":"BreadcrumbList","@id":"https:\/\/wooliv.pt\/product\/sideboards\/cronus-suspended-2\/#breadcrumb","itemListElement":[{"@type":"ListItem","position":1,"name":"Home","item":"https:\/\/wooliv.pt\/"},{"@type":"ListItem","position":2,"name":"Shop","item":"https:\/\/wooliv.pt\/shop\/"},{"@type":"ListItem","position":3,"name":"Cronus suspended Sideboard"}]},{"@type":"WebSite","@id":"https:\/\/wooliv.pt\/#website","url":"https:\/\/wooliv.pt\/","name":"Wooliv","description":"","publisher":{"@id":"https:\/\/wooliv.pt\/#organization"},"potentialAction":[{"@type":"SearchAction","target":{"@type":"EntryPoint","urlTemplate":"https:\/\/wooliv.pt\/?s={search_term_string}"},"query-input":"required name=search_term_string"}],"inLanguage":"fr-FR"},{"@type":"Organization","@id":"https:\/\/wooliv.pt\/#organization","name":"Wooliv","url":"https:\/\/wooliv.pt\/","logo":{"@type":"ImageObject","inLanguage":"fr-FR","@id":"https:\/\/wooliv.pt\/#\/schema\/logo\/image\/","url":"https:\/\/wooliv.pt\/wp-content\/uploads\/2023\/09\/icon-black-WOOLIV.png","contentUrl":"https:\/\/wooliv.pt\/wp-content\/uploads\/2023\/09\/icon-black-WOOLIV.png","width":512,"height":512,"caption":"Wooliv"},"image":{"@id":"https:\/\/wooliv.pt\/#\/schema\/logo\/image\/"}}]}},"_links":{"self":[{"href":"https:\/\/wooliv.pt\/fr\/wp-json\/wp\/v2\/product\/6151","targetHints":{"allow":["GET"]}}],"collection":[{"href":"https:\/\/wooliv.pt\/fr\/wp-json\/wp\/v2\/product"}],"about":[{"href":"https:\/\/wooliv.pt\/fr\/wp-json\/wp\/v2\/types\/product"}],"wp:featuredmedia":[{"embeddable":true,"href":"https:\/\/wooliv.pt\/fr\/wp-json\/wp\/v2\/media\/14798"}],"wp:attachment":[{"href":"https:\/\/wooliv.pt\/fr\/wp-json\/wp\/v2\/media?parent=6151"}],"wp:term":[{"taxonomy":"product_cat","embeddable":true,"href":"https:\/\/wooliv.pt\/fr\/wp-json\/wp\/v2\/product_cat?post=6151"},{"taxonomy":"product_tag","embeddable":true,"href":"https:\/\/wooliv.pt\/fr\/wp-json\/wp\/v2\/product_tag?post=6151"}],"curies":[{"name":"wp","href":"https:\/\/api.w.org\/{rel}","templated":true}]}}