{"id":1269,"date":"2023-09-17T09:49:34","date_gmt":"2023-09-17T09:49:34","guid":{"rendered":"https:\/\/wooliv.pt\/?page_id=1269"},"modified":"2025-09-04T13:33:40","modified_gmt":"2025-09-04T13:33:40","slug":"in-the-press","status":"publish","type":"page","link":"https:\/\/wooliv.pt\/pt\/in-the-press\/","title":{"rendered":"Na imprensa"},"content":{"rendered":"<div data-elementor-type=\"wp-page\" data-elementor-id=\"1269\" class=\"elementor elementor-1269\">\n\t\t\t\t\t\t\t\t\t<section class=\"elementor-section elementor-top-section elementor-element elementor-element-50505080 elementor-section-height-min-height elementor-section-items-top elementor-section-boxed elementor-section-height-default\" data-id=\"50505080\" data-element_type=\"section\">\n\t\t\t\t\t\t<div class=\"elementor-container elementor-column-gap-default\">\n\t\t\t\t\t<div class=\"elementor-column elementor-col-100 elementor-top-column elementor-element elementor-element-568823d8\" data-id=\"568823d8\" data-element_type=\"column\">\n\t\t\t<div class=\"elementor-widget-wrap elementor-element-populated\">\n\t\t\t\t\t\t\t\t<div class=\"elementor-element elementor-element-7684d765 elementor-hidden-mobile elementor-widget elementor-widget-heading\" data-id=\"7684d765\" data-element_type=\"widget\" data-widget_type=\"heading.default\">\n\t\t\t\t<div class=\"elementor-widget-container\">\n\t\t\t<h2 class=\"elementor-heading-title elementor-size-default\">Na imprensa<\/h2>\t\t<\/div>\n\t\t\t\t<\/div>\n\t\t\t\t<div class=\"elementor-element elementor-element-b3e7c77 elementor-hidden-desktop elementor-hidden-tablet elementor-widget elementor-widget-heading\" data-id=\"b3e7c77\" data-element_type=\"widget\" data-widget_type=\"heading.default\">\n\t\t\t\t<div class=\"elementor-widget-container\">\n\t\t\t<h2 class=\"elementor-heading-title elementor-size-default\">Wooliv<\/br>Na imprensa<\/h2>\t\t<\/div>\n\t\t\t\t<\/div>\n\t\t\t\t<div class=\"elementor-element elementor-element-df53c2e elementor-hidden-mobile elementor-widget elementor-widget-text-editor\" data-id=\"df53c2e\" data-element_type=\"widget\" data-widget_type=\"text-editor.default\">\n\t\t\t\t<div class=\"elementor-widget-container\">\n\t\t\t\t\t\t\t<p>Explore a cole\u00e7\u00e3o de artigos abaixo para ver como a nossa marca tem sido mencionada e celebrada em v\u00e1rias publica\u00e7\u00f5es. Estamos gratos pelo apoio e reconhecimento que recebemos de jornalistas, escritores e publica\u00e7\u00f5es em todo o mundo. \u00c9 uma verdadeira honra fazer parte destas conversas e continuar a crescer com a orienta\u00e7\u00e3o e feedback da imprensa.<\/p><p>\u00a0<\/p>\t\t\t\t\t\t<\/div>\n\t\t\t\t<\/div>\n\t\t\t\t<div class=\"elementor-element elementor-element-93abdef elementor-hidden-desktop elementor-hidden-tablet elementor-widget elementor-widget-text-editor\" data-id=\"93abdef\" data-element_type=\"widget\" data-widget_type=\"text-editor.default\">\n\t\t\t\t<div class=\"elementor-widget-container\">\n\t\t\t\t\t\t\t<p>Explore the collection of articles below to see how our brand has been mentioned and celebrated in various publications.<\/p>\t\t\t\t\t\t<\/div>\n\t\t\t\t<\/div>\n\t\t\t\t<section class=\"elementor-section elementor-inner-section elementor-element elementor-element-5d988fe7 elementor-section-boxed elementor-section-height-default elementor-section-height-default\" data-id=\"5d988fe7\" data-element_type=\"section\">\n\t\t\t\t\t\t<div class=\"elementor-container elementor-column-gap-default\">\n\t\t\t\t\t<div class=\"elementor-column elementor-col-25 elementor-inner-column elementor-element elementor-element-762a3d0b\" data-id=\"762a3d0b\" data-element_type=\"column\">\n\t\t\t<div class=\"elementor-widget-wrap elementor-element-populated\">\n\t\t\t\t\t\t\t\t<div class=\"elementor-element elementor-element-4638e76b dce_masking-none elementor-widget elementor-widget-image\" data-id=\"4638e76b\" data-element_type=\"widget\" data-widget_type=\"image.default\">\n\t\t\t\t<div class=\"elementor-widget-container\">\n\t\t\t\t\t\t\t\t\t\t\t\t\t\t\t\t<a href=\"https:\/\/www.dezeen.com\/2023\/05\/24\/zeus-bed-wooliv-dezeen-showroom\/\" target=\"_blank\">\n\t\t\t\t\t\t\t<img loading=\"lazy\" decoding=\"async\" width=\"800\" height=\"215\" src=\"https:\/\/wooliv.pt\/wp-content\/uploads\/2023\/09\/Showroom-logo-1024x275.webp\" class=\"elementor-animation-grow attachment-large size-large wp-image-1061\" alt=\"\" srcset=\"https:\/\/wooliv.pt\/wp-content\/uploads\/2023\/09\/Showroom-logo-1024x275.webp 1024w, https:\/\/wooliv.pt\/wp-content\/uploads\/2023\/09\/Showroom-logo-300x80.webp 300w, https:\/\/wooliv.pt\/wp-content\/uploads\/2023\/09\/Showroom-logo-768x206.webp 768w, https:\/\/wooliv.pt\/wp-content\/uploads\/2023\/09\/Showroom-logo-1536x412.webp 1536w, https:\/\/wooliv.pt\/wp-content\/uploads\/2023\/09\/Showroom-logo-2048x549.webp 2048w, https:\/\/wooliv.pt\/wp-content\/uploads\/2023\/09\/Showroom-logo-1000x268.webp 1000w\" sizes=\"auto, (max-width: 800px) 100vw, 800px\" \/>\t\t\t\t\t\t\t\t<\/a>\n\t\t\t\t\t\t\t\t\t\t\t\t\t\t\t<\/div>\n\t\t\t\t<\/div>\n\t\t\t\t\t<\/div>\n\t\t<\/div>\n\t\t\t\t<div class=\"elementor-column elementor-col-25 elementor-inner-column elementor-element elementor-element-7fbf6980\" data-id=\"7fbf6980\" data-element_type=\"column\">\n\t\t\t<div class=\"elementor-widget-wrap elementor-element-populated\">\n\t\t\t\t\t\t\t\t<div class=\"elementor-element elementor-element-61f5068d dce_masking-none elementor-widget elementor-widget-image\" data-id=\"61f5068d\" data-element_type=\"widget\" data-widget_type=\"image.default\">\n\t\t\t\t<div class=\"elementor-widget-container\">\n\t\t\t\t\t\t\t\t\t\t\t\t\t\t\t\t<a href=\"https:\/\/urbana.com.pt\/2023\/09\/luxo-luso-a-magia-do-mobiliario-portugues-pela-wooliv\/\" target=\"_blank\">\n\t\t\t\t\t\t\t<img loading=\"lazy\" decoding=\"async\" width=\"440\" height=\"160\" src=\"https:\/\/wooliv.pt\/wp-content\/uploads\/2023\/09\/logourbana_medium.png\" class=\"elementor-animation-grow attachment-large size-large wp-image-1060\" alt=\"\" srcset=\"https:\/\/wooliv.pt\/wp-content\/uploads\/2023\/09\/logourbana_medium.png 440w, https:\/\/wooliv.pt\/wp-content\/uploads\/2023\/09\/logourbana_medium-300x109.png 300w\" sizes=\"auto, (max-width: 440px) 100vw, 440px\" \/>\t\t\t\t\t\t\t\t<\/a>\n\t\t\t\t\t\t\t\t\t\t\t\t\t\t\t<\/div>\n\t\t\t\t<\/div>\n\t\t\t\t\t<\/div>\n\t\t<\/div>\n\t\t\t\t<div class=\"elementor-column elementor-col-25 elementor-inner-column elementor-element elementor-element-1281ca9b\" data-id=\"1281ca9b\" data-element_type=\"column\">\n\t\t\t<div class=\"elementor-widget-wrap elementor-element-populated\">\n\t\t\t\t\t\t\t\t<div class=\"elementor-element elementor-element-39e8e7e7 dce_masking-none elementor-widget elementor-widget-image\" data-id=\"39e8e7e7\" data-element_type=\"widget\" data-widget_type=\"image.default\">\n\t\t\t\t<div class=\"elementor-widget-container\">\n\t\t\t\t\t\t\t\t\t\t\t\t\t\t\t\t<a href=\"https:\/\/www.facebook.com\/permalink.php?story_fbid=pfbid0NDao49ZUAHzp69oYBtKb4o9wWGPXSku3nwjenccSUbZvwy2amKprEqvMcRnCoFCNl&#038;id=100063454816137\" target=\"_blank\">\n\t\t\t\t\t\t\t<img loading=\"lazy\" decoding=\"async\" width=\"385\" height=\"384\" src=\"https:\/\/wooliv.pt\/wp-content\/uploads\/2023\/09\/302147928_508554004603089_6468644180624752707_n.png\" class=\"elementor-animation-grow attachment-large size-large wp-image-1059\" alt=\"\" srcset=\"https:\/\/wooliv.pt\/wp-content\/uploads\/2023\/09\/302147928_508554004603089_6468644180624752707_n.png 385w, https:\/\/wooliv.pt\/wp-content\/uploads\/2023\/09\/302147928_508554004603089_6468644180624752707_n-300x300.png 300w, https:\/\/wooliv.pt\/wp-content\/uploads\/2023\/09\/302147928_508554004603089_6468644180624752707_n-150x150.png 150w, https:\/\/wooliv.pt\/wp-content\/uploads\/2023\/09\/302147928_508554004603089_6468644180624752707_n-100x100.png 100w\" sizes=\"auto, (max-width: 385px) 100vw, 385px\" \/>\t\t\t\t\t\t\t\t<\/a>\n\t\t\t\t\t\t\t\t\t\t\t\t\t\t\t<\/div>\n\t\t\t\t<\/div>\n\t\t\t\t\t<\/div>\n\t\t<\/div>\n\t\t\t\t<div class=\"elementor-column elementor-col-25 elementor-inner-column elementor-element elementor-element-892b6ed\" data-id=\"892b6ed\" data-element_type=\"column\">\n\t\t\t<div class=\"elementor-widget-wrap elementor-element-populated\">\n\t\t\t\t\t\t\t\t<div class=\"elementor-element elementor-element-25c3036 dce_masking-none elementor-widget elementor-widget-image\" data-id=\"25c3036\" data-element_type=\"widget\" data-widget_type=\"image.default\">\n\t\t\t\t<div class=\"elementor-widget-container\">\n\t\t\t\t\t\t\t\t\t\t\t\t\t\t\t\t<a href=\"https:\/\/www.luxwoman.pt\/wooliv-mobiliario-feito-para-durar-com-alma-portuguesa\/\" target=\"_blank\">\n\t\t\t\t\t\t\t<img loading=\"lazy\" decoding=\"async\" width=\"439\" height=\"135\" src=\"https:\/\/wooliv.pt\/wp-content\/uploads\/2025\/09\/LuxWoman.png\" class=\"elementor-animation-grow attachment-large size-large wp-image-29358\" alt=\"\" srcset=\"https:\/\/wooliv.pt\/wp-content\/uploads\/2025\/09\/LuxWoman.png 439w, https:\/\/wooliv.pt\/wp-content\/uploads\/2025\/09\/LuxWoman-18x6.png 18w\" sizes=\"auto, (max-width: 439px) 100vw, 439px\" \/>\t\t\t\t\t\t\t\t<\/a>\n\t\t\t\t\t\t\t\t\t\t\t\t\t\t\t<\/div>\n\t\t\t\t<\/div>\n\t\t\t\t\t<\/div>\n\t\t<\/div>\n\t\t\t\t\t\t\t<\/div>\n\t\t<\/section>\n\t\t\t\t\t<\/div>\n\t\t<\/div>\n\t\t\t\t\t\t\t<\/div>\n\t\t<\/section>\n\t\t\t\t\t\t\t<\/div>","protected":false},"excerpt":{"rendered":"<p>In the press WoolivIn the press Explore the collection of articles below to see how our brand has been mentioned and celebrated in various publications. We&#8217;re grateful for the support and recognition we&#8217;ve received from journalists, writers, and publications worldwide. It&#8217;s a true honor to be a part of these conversations and to continue growing [&hellip;]<\/p>","protected":false},"author":1,"featured_media":0,"parent":0,"menu_order":0,"comment_status":"closed","ping_status":"closed","template":"elementor_header_footer","meta":{"footnotes":""},"class_list":["post-1269","page","type-page","status-publish","hentry"],"acf":[],"yoast_head":"<!-- This site is optimized with the Yoast SEO plugin v21.6 - https:\/\/yoast.com\/wordpress\/plugins\/seo\/ -->\n<title>In the Press - Wooliv<\/title>\n<meta name=\"description\" content=\"Wooliv in the Press: Discover the buzz around our sustainable furniture. Explore media features, accolades, and industry insights highlighting our commitment to timeless design and eco-friendly craftsmanship.\" \/>\n<meta name=\"robots\" content=\"index, follow, max-snippet:-1, max-image-preview:large, max-video-preview:-1\" \/>\n<link rel=\"canonical\" href=\"https:\/\/wooliv.pt\/pt\/in-the-press\/\" \/>\n<meta property=\"og:locale\" content=\"pt_PT\" \/>\n<meta property=\"og:type\" content=\"article\" \/>\n<meta property=\"og:title\" content=\"In the Press - Wooliv\" \/>\n<meta property=\"og:description\" content=\"Wooliv in the Press: Discover the buzz around our sustainable furniture. Explore media features, accolades, and industry insights highlighting our commitment to timeless design and eco-friendly craftsmanship.\" \/>\n<meta property=\"og:url\" content=\"https:\/\/wooliv.pt\/pt\/in-the-press\/\" \/>\n<meta property=\"og:site_name\" content=\"Wooliv\" \/>\n<meta property=\"article:modified_time\" content=\"2025-09-04T13:33:40+00:00\" \/>\n<meta property=\"og:image\" content=\"https:\/\/wooliv.pt\/wp-content\/uploads\/2023\/09\/Showroom-logo-1024x275.webp\" \/>\n<meta name=\"twitter:card\" content=\"summary_large_image\" \/>\n<meta name=\"twitter:label1\" content=\"Tempo estimado de leitura\" \/>\n\t<meta name=\"twitter:data1\" content=\"2 minutos\" \/>\n<script type=\"application\/ld+json\" class=\"yoast-schema-graph\">{\"@context\":\"https:\/\/schema.org\",\"@graph\":[{\"@type\":\"WebPage\",\"@id\":\"https:\/\/wooliv.pt\/in-the-press\/\",\"url\":\"https:\/\/wooliv.pt\/in-the-press\/\",\"name\":\"In the Press - Wooliv\",\"isPartOf\":{\"@id\":\"https:\/\/wooliv.pt\/#website\"},\"datePublished\":\"2023-09-17T09:49:34+00:00\",\"dateModified\":\"2025-09-04T13:33:40+00:00\",\"description\":\"Wooliv in the Press: Discover the buzz around our sustainable furniture. Explore media features, accolades, and industry insights highlighting our commitment to timeless design and eco-friendly craftsmanship.\",\"breadcrumb\":{\"@id\":\"https:\/\/wooliv.pt\/in-the-press\/#breadcrumb\"},\"inLanguage\":\"pt-PT\",\"potentialAction\":[{\"@type\":\"ReadAction\",\"target\":[\"https:\/\/wooliv.pt\/in-the-press\/\"]}]},{\"@type\":\"BreadcrumbList\",\"@id\":\"https:\/\/wooliv.pt\/in-the-press\/#breadcrumb\",\"itemListElement\":[{\"@type\":\"ListItem\",\"position\":1,\"name\":\"Home\",\"item\":\"https:\/\/wooliv.pt\/\"},{\"@type\":\"ListItem\",\"position\":2,\"name\":\"In the Press\"}]},{\"@type\":\"WebSite\",\"@id\":\"https:\/\/wooliv.pt\/#website\",\"url\":\"https:\/\/wooliv.pt\/\",\"name\":\"Wooliv\",\"description\":\"\",\"publisher\":{\"@id\":\"https:\/\/wooliv.pt\/#organization\"},\"potentialAction\":[{\"@type\":\"SearchAction\",\"target\":{\"@type\":\"EntryPoint\",\"urlTemplate\":\"https:\/\/wooliv.pt\/?s={search_term_string}\"},\"query-input\":\"required name=search_term_string\"}],\"inLanguage\":\"pt-PT\"},{\"@type\":\"Organization\",\"@id\":\"https:\/\/wooliv.pt\/#organization\",\"name\":\"Wooliv\",\"url\":\"https:\/\/wooliv.pt\/\",\"logo\":{\"@type\":\"ImageObject\",\"inLanguage\":\"pt-PT\",\"@id\":\"https:\/\/wooliv.pt\/#\/schema\/logo\/image\/\",\"url\":\"https:\/\/wooliv.pt\/wp-content\/uploads\/2023\/09\/icon-black-WOOLIV.png\",\"contentUrl\":\"https:\/\/wooliv.pt\/wp-content\/uploads\/2023\/09\/icon-black-WOOLIV.png\",\"width\":512,\"height\":512,\"caption\":\"Wooliv\"},\"image\":{\"@id\":\"https:\/\/wooliv.pt\/#\/schema\/logo\/image\/\"}}]}<\/script>\n<!-- \/ Yoast SEO plugin. -->","yoast_head_json":{"title":"In the Press - Wooliv","description":"Wooliv in the Press: Discover the buzz around our sustainable furniture. Explore media features, accolades, and industry insights highlighting our commitment to timeless design and eco-friendly craftsmanship.","robots":{"index":"index","follow":"follow","max-snippet":"max-snippet:-1","max-image-preview":"max-image-preview:large","max-video-preview":"max-video-preview:-1"},"canonical":"https:\/\/wooliv.pt\/pt\/in-the-press\/","og_locale":"pt_PT","og_type":"article","og_title":"In the Press - Wooliv","og_description":"Wooliv in the Press: Discover the buzz around our sustainable furniture. Explore media features, accolades, and industry insights highlighting our commitment to timeless design and eco-friendly craftsmanship.","og_url":"https:\/\/wooliv.pt\/pt\/in-the-press\/","og_site_name":"Wooliv","article_modified_time":"2025-09-04T13:33:40+00:00","og_image":[{"url":"https:\/\/wooliv.pt\/wp-content\/uploads\/2023\/09\/Showroom-logo-1024x275.webp"}],"twitter_card":"summary_large_image","twitter_misc":{"Tempo estimado de leitura":"2 minutos"},"schema":{"@context":"https:\/\/schema.org","@graph":[{"@type":"WebPage","@id":"https:\/\/wooliv.pt\/in-the-press\/","url":"https:\/\/wooliv.pt\/in-the-press\/","name":"In the Press - Wooliv","isPartOf":{"@id":"https:\/\/wooliv.pt\/#website"},"datePublished":"2023-09-17T09:49:34+00:00","dateModified":"2025-09-04T13:33:40+00:00","description":"Wooliv in the Press: Discover the buzz around our sustainable furniture. Explore media features, accolades, and industry insights highlighting our commitment to timeless design and eco-friendly craftsmanship.","breadcrumb":{"@id":"https:\/\/wooliv.pt\/in-the-press\/#breadcrumb"},"inLanguage":"pt-PT","potentialAction":[{"@type":"ReadAction","target":["https:\/\/wooliv.pt\/in-the-press\/"]}]},{"@type":"BreadcrumbList","@id":"https:\/\/wooliv.pt\/in-the-press\/#breadcrumb","itemListElement":[{"@type":"ListItem","position":1,"name":"Home","item":"https:\/\/wooliv.pt\/"},{"@type":"ListItem","position":2,"name":"In the Press"}]},{"@type":"WebSite","@id":"https:\/\/wooliv.pt\/#website","url":"https:\/\/wooliv.pt\/","name":"Wooliv","description":"","publisher":{"@id":"https:\/\/wooliv.pt\/#organization"},"potentialAction":[{"@type":"SearchAction","target":{"@type":"EntryPoint","urlTemplate":"https:\/\/wooliv.pt\/?s={search_term_string}"},"query-input":"required name=search_term_string"}],"inLanguage":"pt-PT"},{"@type":"Organization","@id":"https:\/\/wooliv.pt\/#organization","name":"Wooliv","url":"https:\/\/wooliv.pt\/","logo":{"@type":"ImageObject","inLanguage":"pt-PT","@id":"https:\/\/wooliv.pt\/#\/schema\/logo\/image\/","url":"https:\/\/wooliv.pt\/wp-content\/uploads\/2023\/09\/icon-black-WOOLIV.png","contentUrl":"https:\/\/wooliv.pt\/wp-content\/uploads\/2023\/09\/icon-black-WOOLIV.png","width":512,"height":512,"caption":"Wooliv"},"image":{"@id":"https:\/\/wooliv.pt\/#\/schema\/logo\/image\/"}}]}},"_links":{"self":[{"href":"https:\/\/wooliv.pt\/pt\/wp-json\/wp\/v2\/pages\/1269","targetHints":{"allow":["GET"]}}],"collection":[{"href":"https:\/\/wooliv.pt\/pt\/wp-json\/wp\/v2\/pages"}],"about":[{"href":"https:\/\/wooliv.pt\/pt\/wp-json\/wp\/v2\/types\/page"}],"author":[{"embeddable":true,"href":"https:\/\/wooliv.pt\/pt\/wp-json\/wp\/v2\/users\/1"}],"replies":[{"embeddable":true,"href":"https:\/\/wooliv.pt\/pt\/wp-json\/wp\/v2\/comments?post=1269"}],"version-history":[{"count":3,"href":"https:\/\/wooliv.pt\/pt\/wp-json\/wp\/v2\/pages\/1269\/revisions"}],"predecessor-version":[{"id":29361,"href":"https:\/\/wooliv.pt\/pt\/wp-json\/wp\/v2\/pages\/1269\/revisions\/29361"}],"wp:attachment":[{"href":"https:\/\/wooliv.pt\/pt\/wp-json\/wp\/v2\/media?parent=1269"}],"curies":[{"name":"wp","href":"https:\/\/api.w.org\/{rel}","templated":true}]}}