{"id":15975,"date":"2024-09-03T10:55:01","date_gmt":"2024-09-03T10:55:01","guid":{"rendered":"https:\/\/wooliv.pt\/?post_type=product&#038;p=15975"},"modified":"2025-01-18T12:45:24","modified_gmt":"2025-01-18T12:45:24","slug":"lucy-chair","status":"publish","type":"product","link":"https:\/\/wooliv.pt\/pt\/produto\/upholsteries\/lucy-chair\/","title":{"rendered":"Cadeira Lucy"},"content":{"rendered":"","protected":false},"excerpt":{"rendered":"<p>Esta cadeira \u00e9 uma pe\u00e7a de mobili\u00e1rio majestosa e de dimens\u00f5es sumptuosas, que se tornar\u00e1 um elemento de destaque em qualquer divis\u00e3o e ambiente de design.<\/p>","protected":false},"featured_media":22503,"template":"","meta":[],"product_cat":[23],"product_tag":[],"class_list":["post-15975","product","type-product","status-publish","has-post-thumbnail","hentry","product_cat-upholsteries","add-to-wishlist-before_image"],"acf":[],"yoast_head":"<!-- This site is optimized with the Yoast SEO plugin v21.6 - https:\/\/yoast.com\/wordpress\/plugins\/seo\/ -->\n<title>Lucy Chair - Wooliv<\/title>\n<meta name=\"robots\" content=\"index, follow, max-snippet:-1, max-image-preview:large, max-video-preview:-1\" \/>\n<link rel=\"canonical\" href=\"https:\/\/wooliv.pt\/pt\/produto\/upholsteries\/lucy-chair\/\" \/>\n<meta property=\"og:locale\" content=\"pt_PT\" \/>\n<meta property=\"og:type\" content=\"article\" \/>\n<meta property=\"og:title\" content=\"Lucy Chair - Wooliv\" \/>\n<meta property=\"og:description\" content=\"This chair is a piece of majestic furniture and of sumptuous size, which will become a prominent element in any room and design environment.\" \/>\n<meta property=\"og:url\" content=\"https:\/\/wooliv.pt\/pt\/produto\/upholsteries\/lucy-chair\/\" \/>\n<meta property=\"og:site_name\" content=\"Wooliv\" \/>\n<meta property=\"article:modified_time\" content=\"2025-01-18T12:45:24+00:00\" \/>\n<meta property=\"og:image\" content=\"https:\/\/wooliv.pt\/wp-content\/uploads\/2024\/09\/Wooliv-Lucy-Chair2.webp\" \/>\n\t<meta property=\"og:image:width\" content=\"1200\" \/>\n\t<meta property=\"og:image:height\" content=\"800\" \/>\n\t<meta property=\"og:image:type\" content=\"image\/webp\" \/>\n<meta name=\"twitter:card\" content=\"summary_large_image\" \/>\n<script type=\"application\/ld+json\" class=\"yoast-schema-graph\">{\"@context\":\"https:\/\/schema.org\",\"@graph\":[{\"@type\":\"WebPage\",\"@id\":\"https:\/\/wooliv.pt\/product\/upholsteries\/lucy-chair\/\",\"url\":\"https:\/\/wooliv.pt\/product\/upholsteries\/lucy-chair\/\",\"name\":\"Lucy Chair - Wooliv\",\"isPartOf\":{\"@id\":\"https:\/\/wooliv.pt\/#website\"},\"datePublished\":\"2024-09-03T10:55:01+00:00\",\"dateModified\":\"2025-01-18T12:45:24+00:00\",\"breadcrumb\":{\"@id\":\"https:\/\/wooliv.pt\/product\/upholsteries\/lucy-chair\/#breadcrumb\"},\"inLanguage\":\"pt-PT\",\"potentialAction\":[{\"@type\":\"ReadAction\",\"target\":[\"https:\/\/wooliv.pt\/product\/upholsteries\/lucy-chair\/\"]}]},{\"@type\":\"BreadcrumbList\",\"@id\":\"https:\/\/wooliv.pt\/product\/upholsteries\/lucy-chair\/#breadcrumb\",\"itemListElement\":[{\"@type\":\"ListItem\",\"position\":1,\"name\":\"Home\",\"item\":\"https:\/\/wooliv.pt\/\"},{\"@type\":\"ListItem\",\"position\":2,\"name\":\"Shop\",\"item\":\"https:\/\/wooliv.pt\/shop\/\"},{\"@type\":\"ListItem\",\"position\":3,\"name\":\"Lucy Chair\"}]},{\"@type\":\"WebSite\",\"@id\":\"https:\/\/wooliv.pt\/#website\",\"url\":\"https:\/\/wooliv.pt\/\",\"name\":\"Wooliv\",\"description\":\"\",\"publisher\":{\"@id\":\"https:\/\/wooliv.pt\/#organization\"},\"potentialAction\":[{\"@type\":\"SearchAction\",\"target\":{\"@type\":\"EntryPoint\",\"urlTemplate\":\"https:\/\/wooliv.pt\/?s={search_term_string}\"},\"query-input\":\"required name=search_term_string\"}],\"inLanguage\":\"pt-PT\"},{\"@type\":\"Organization\",\"@id\":\"https:\/\/wooliv.pt\/#organization\",\"name\":\"Wooliv\",\"url\":\"https:\/\/wooliv.pt\/\",\"logo\":{\"@type\":\"ImageObject\",\"inLanguage\":\"pt-PT\",\"@id\":\"https:\/\/wooliv.pt\/#\/schema\/logo\/image\/\",\"url\":\"https:\/\/wooliv.pt\/wp-content\/uploads\/2023\/09\/icon-black-WOOLIV.png\",\"contentUrl\":\"https:\/\/wooliv.pt\/wp-content\/uploads\/2023\/09\/icon-black-WOOLIV.png\",\"width\":512,\"height\":512,\"caption\":\"Wooliv\"},\"image\":{\"@id\":\"https:\/\/wooliv.pt\/#\/schema\/logo\/image\/\"}}]}<\/script>\n<!-- \/ Yoast SEO plugin. -->","yoast_head_json":{"title":"Lucy Chair - Wooliv","robots":{"index":"index","follow":"follow","max-snippet":"max-snippet:-1","max-image-preview":"max-image-preview:large","max-video-preview":"max-video-preview:-1"},"canonical":"https:\/\/wooliv.pt\/pt\/produto\/upholsteries\/lucy-chair\/","og_locale":"pt_PT","og_type":"article","og_title":"Lucy Chair - Wooliv","og_description":"This chair is a piece of majestic furniture and of sumptuous size, which will become a prominent element in any room and design environment.","og_url":"https:\/\/wooliv.pt\/pt\/produto\/upholsteries\/lucy-chair\/","og_site_name":"Wooliv","article_modified_time":"2025-01-18T12:45:24+00:00","og_image":[{"width":1200,"height":800,"url":"https:\/\/wooliv.pt\/wp-content\/uploads\/2024\/09\/Wooliv-Lucy-Chair2.webp","type":"image\/webp"}],"twitter_card":"summary_large_image","schema":{"@context":"https:\/\/schema.org","@graph":[{"@type":"WebPage","@id":"https:\/\/wooliv.pt\/product\/upholsteries\/lucy-chair\/","url":"https:\/\/wooliv.pt\/product\/upholsteries\/lucy-chair\/","name":"Lucy Chair - Wooliv","isPartOf":{"@id":"https:\/\/wooliv.pt\/#website"},"datePublished":"2024-09-03T10:55:01+00:00","dateModified":"2025-01-18T12:45:24+00:00","breadcrumb":{"@id":"https:\/\/wooliv.pt\/product\/upholsteries\/lucy-chair\/#breadcrumb"},"inLanguage":"pt-PT","potentialAction":[{"@type":"ReadAction","target":["https:\/\/wooliv.pt\/product\/upholsteries\/lucy-chair\/"]}]},{"@type":"BreadcrumbList","@id":"https:\/\/wooliv.pt\/product\/upholsteries\/lucy-chair\/#breadcrumb","itemListElement":[{"@type":"ListItem","position":1,"name":"Home","item":"https:\/\/wooliv.pt\/"},{"@type":"ListItem","position":2,"name":"Shop","item":"https:\/\/wooliv.pt\/shop\/"},{"@type":"ListItem","position":3,"name":"Lucy Chair"}]},{"@type":"WebSite","@id":"https:\/\/wooliv.pt\/#website","url":"https:\/\/wooliv.pt\/","name":"Wooliv","description":"","publisher":{"@id":"https:\/\/wooliv.pt\/#organization"},"potentialAction":[{"@type":"SearchAction","target":{"@type":"EntryPoint","urlTemplate":"https:\/\/wooliv.pt\/?s={search_term_string}"},"query-input":"required name=search_term_string"}],"inLanguage":"pt-PT"},{"@type":"Organization","@id":"https:\/\/wooliv.pt\/#organization","name":"Wooliv","url":"https:\/\/wooliv.pt\/","logo":{"@type":"ImageObject","inLanguage":"pt-PT","@id":"https:\/\/wooliv.pt\/#\/schema\/logo\/image\/","url":"https:\/\/wooliv.pt\/wp-content\/uploads\/2023\/09\/icon-black-WOOLIV.png","contentUrl":"https:\/\/wooliv.pt\/wp-content\/uploads\/2023\/09\/icon-black-WOOLIV.png","width":512,"height":512,"caption":"Wooliv"},"image":{"@id":"https:\/\/wooliv.pt\/#\/schema\/logo\/image\/"}}]}},"_links":{"self":[{"href":"https:\/\/wooliv.pt\/pt\/wp-json\/wp\/v2\/product\/15975","targetHints":{"allow":["GET"]}}],"collection":[{"href":"https:\/\/wooliv.pt\/pt\/wp-json\/wp\/v2\/product"}],"about":[{"href":"https:\/\/wooliv.pt\/pt\/wp-json\/wp\/v2\/types\/product"}],"wp:featuredmedia":[{"embeddable":true,"href":"https:\/\/wooliv.pt\/pt\/wp-json\/wp\/v2\/media\/22503"}],"wp:attachment":[{"href":"https:\/\/wooliv.pt\/pt\/wp-json\/wp\/v2\/media?parent=15975"}],"wp:term":[{"taxonomy":"product_cat","embeddable":true,"href":"https:\/\/wooliv.pt\/pt\/wp-json\/wp\/v2\/product_cat?post=15975"},{"taxonomy":"product_tag","embeddable":true,"href":"https:\/\/wooliv.pt\/pt\/wp-json\/wp\/v2\/product_tag?post=15975"}],"curies":[{"name":"wp","href":"https:\/\/api.w.org\/{rel}","templated":true}]}}