{"id":22439,"date":"2025-01-18T11:39:27","date_gmt":"2025-01-18T11:39:27","guid":{"rendered":"https:\/\/wooliv.pt\/?post_type=product&#038;p=22439"},"modified":"2025-06-16T09:18:39","modified_gmt":"2025-06-16T09:18:39","slug":"demeter-oval-coffee-table-oak","status":"publish","type":"product","link":"https:\/\/wooliv.pt\/pt\/produto\/auxiliar-tables\/demeter-oval-coffee-table-oak\/","title":{"rendered":"Demeter Oval Coffee table oak"},"content":{"rendered":"","protected":false},"excerpt":{"rendered":"<p><span class=\"S1PPyQ\">O tampo de m\u00e1rmore preto \u00e9 a marca distintiva desta mesa. As suas dram\u00e1ticas veias douradas percorrendo toda a superf\u00edcie n\u00e3o deixar\u00e3o ningu\u00e9m indiferente.<\/span><\/p>","protected":false},"featured_media":14792,"template":"","meta":[],"product_cat":[94],"product_tag":[],"class_list":["post-22439","product","type-product","status-publish","has-post-thumbnail","hentry","product_cat-auxiliar-tables","add-to-wishlist-before_image"],"acf":[],"yoast_head":"<!-- This site is optimized with the Yoast SEO plugin v21.6 - https:\/\/yoast.com\/wordpress\/plugins\/seo\/ -->\n<title>Demeter Oval Coffee table oak - Wooliv<\/title>\n<meta name=\"robots\" content=\"index, follow, max-snippet:-1, max-image-preview:large, max-video-preview:-1\" \/>\n<link rel=\"canonical\" href=\"https:\/\/wooliv.pt\/pt\/produto\/auxiliar-tables\/demeter-oval-coffee-table-oak\/\" \/>\n<meta property=\"og:locale\" content=\"pt_PT\" \/>\n<meta property=\"og:type\" content=\"article\" \/>\n<meta property=\"og:title\" content=\"Demeter Oval Coffee table oak - Wooliv\" \/>\n<meta property=\"og:description\" content=\"The black marble top is the hallmark of this table. Its dramatic golden veins running across the entire surface will not leave anyone indifferent.\" \/>\n<meta property=\"og:url\" content=\"https:\/\/wooliv.pt\/pt\/produto\/auxiliar-tables\/demeter-oval-coffee-table-oak\/\" \/>\n<meta property=\"og:site_name\" content=\"Wooliv\" \/>\n<meta property=\"article:modified_time\" content=\"2025-06-16T09:18:39+00:00\" \/>\n<meta property=\"og:image\" content=\"https:\/\/wooliv.pt\/wp-content\/uploads\/2023\/09\/demeter-oval-coffe-table-by-wooliv-13.jpg\" \/>\n\t<meta property=\"og:image:width\" content=\"1000\" \/>\n\t<meta property=\"og:image:height\" content=\"700\" \/>\n\t<meta property=\"og:image:type\" content=\"image\/jpeg\" \/>\n<meta name=\"twitter:card\" content=\"summary_large_image\" \/>\n<script type=\"application\/ld+json\" class=\"yoast-schema-graph\">{\"@context\":\"https:\/\/schema.org\",\"@graph\":[{\"@type\":\"WebPage\",\"@id\":\"https:\/\/wooliv.pt\/product\/auxiliar-tables\/demeter-oval-coffee-table-oak\/\",\"url\":\"https:\/\/wooliv.pt\/product\/auxiliar-tables\/demeter-oval-coffee-table-oak\/\",\"name\":\"Demeter Oval Coffee table oak - Wooliv\",\"isPartOf\":{\"@id\":\"https:\/\/wooliv.pt\/#website\"},\"datePublished\":\"2025-01-18T11:39:27+00:00\",\"dateModified\":\"2025-06-16T09:18:39+00:00\",\"breadcrumb\":{\"@id\":\"https:\/\/wooliv.pt\/product\/auxiliar-tables\/demeter-oval-coffee-table-oak\/#breadcrumb\"},\"inLanguage\":\"pt-PT\",\"potentialAction\":[{\"@type\":\"ReadAction\",\"target\":[\"https:\/\/wooliv.pt\/product\/auxiliar-tables\/demeter-oval-coffee-table-oak\/\"]}]},{\"@type\":\"BreadcrumbList\",\"@id\":\"https:\/\/wooliv.pt\/product\/auxiliar-tables\/demeter-oval-coffee-table-oak\/#breadcrumb\",\"itemListElement\":[{\"@type\":\"ListItem\",\"position\":1,\"name\":\"Home\",\"item\":\"https:\/\/wooliv.pt\/\"},{\"@type\":\"ListItem\",\"position\":2,\"name\":\"Shop\",\"item\":\"https:\/\/wooliv.pt\/shop\/\"},{\"@type\":\"ListItem\",\"position\":3,\"name\":\"Demeter Oval Coffee table oak\"}]},{\"@type\":\"WebSite\",\"@id\":\"https:\/\/wooliv.pt\/#website\",\"url\":\"https:\/\/wooliv.pt\/\",\"name\":\"Wooliv\",\"description\":\"\",\"publisher\":{\"@id\":\"https:\/\/wooliv.pt\/#organization\"},\"potentialAction\":[{\"@type\":\"SearchAction\",\"target\":{\"@type\":\"EntryPoint\",\"urlTemplate\":\"https:\/\/wooliv.pt\/?s={search_term_string}\"},\"query-input\":\"required name=search_term_string\"}],\"inLanguage\":\"pt-PT\"},{\"@type\":\"Organization\",\"@id\":\"https:\/\/wooliv.pt\/#organization\",\"name\":\"Wooliv\",\"url\":\"https:\/\/wooliv.pt\/\",\"logo\":{\"@type\":\"ImageObject\",\"inLanguage\":\"pt-PT\",\"@id\":\"https:\/\/wooliv.pt\/#\/schema\/logo\/image\/\",\"url\":\"https:\/\/wooliv.pt\/wp-content\/uploads\/2023\/09\/icon-black-WOOLIV.png\",\"contentUrl\":\"https:\/\/wooliv.pt\/wp-content\/uploads\/2023\/09\/icon-black-WOOLIV.png\",\"width\":512,\"height\":512,\"caption\":\"Wooliv\"},\"image\":{\"@id\":\"https:\/\/wooliv.pt\/#\/schema\/logo\/image\/\"}}]}<\/script>\n<!-- \/ Yoast SEO plugin. -->","yoast_head_json":{"title":"Demeter Oval Coffee table oak - Wooliv","robots":{"index":"index","follow":"follow","max-snippet":"max-snippet:-1","max-image-preview":"max-image-preview:large","max-video-preview":"max-video-preview:-1"},"canonical":"https:\/\/wooliv.pt\/pt\/produto\/auxiliar-tables\/demeter-oval-coffee-table-oak\/","og_locale":"pt_PT","og_type":"article","og_title":"Demeter Oval Coffee table oak - Wooliv","og_description":"The black marble top is the hallmark of this table. Its dramatic golden veins running across the entire surface will not leave anyone indifferent.","og_url":"https:\/\/wooliv.pt\/pt\/produto\/auxiliar-tables\/demeter-oval-coffee-table-oak\/","og_site_name":"Wooliv","article_modified_time":"2025-06-16T09:18:39+00:00","og_image":[{"width":1000,"height":700,"url":"https:\/\/wooliv.pt\/wp-content\/uploads\/2023\/09\/demeter-oval-coffe-table-by-wooliv-13.jpg","type":"image\/jpeg"}],"twitter_card":"summary_large_image","schema":{"@context":"https:\/\/schema.org","@graph":[{"@type":"WebPage","@id":"https:\/\/wooliv.pt\/product\/auxiliar-tables\/demeter-oval-coffee-table-oak\/","url":"https:\/\/wooliv.pt\/product\/auxiliar-tables\/demeter-oval-coffee-table-oak\/","name":"Demeter Oval Coffee table oak - Wooliv","isPartOf":{"@id":"https:\/\/wooliv.pt\/#website"},"datePublished":"2025-01-18T11:39:27+00:00","dateModified":"2025-06-16T09:18:39+00:00","breadcrumb":{"@id":"https:\/\/wooliv.pt\/product\/auxiliar-tables\/demeter-oval-coffee-table-oak\/#breadcrumb"},"inLanguage":"pt-PT","potentialAction":[{"@type":"ReadAction","target":["https:\/\/wooliv.pt\/product\/auxiliar-tables\/demeter-oval-coffee-table-oak\/"]}]},{"@type":"BreadcrumbList","@id":"https:\/\/wooliv.pt\/product\/auxiliar-tables\/demeter-oval-coffee-table-oak\/#breadcrumb","itemListElement":[{"@type":"ListItem","position":1,"name":"Home","item":"https:\/\/wooliv.pt\/"},{"@type":"ListItem","position":2,"name":"Shop","item":"https:\/\/wooliv.pt\/shop\/"},{"@type":"ListItem","position":3,"name":"Demeter Oval Coffee table oak"}]},{"@type":"WebSite","@id":"https:\/\/wooliv.pt\/#website","url":"https:\/\/wooliv.pt\/","name":"Wooliv","description":"","publisher":{"@id":"https:\/\/wooliv.pt\/#organization"},"potentialAction":[{"@type":"SearchAction","target":{"@type":"EntryPoint","urlTemplate":"https:\/\/wooliv.pt\/?s={search_term_string}"},"query-input":"required name=search_term_string"}],"inLanguage":"pt-PT"},{"@type":"Organization","@id":"https:\/\/wooliv.pt\/#organization","name":"Wooliv","url":"https:\/\/wooliv.pt\/","logo":{"@type":"ImageObject","inLanguage":"pt-PT","@id":"https:\/\/wooliv.pt\/#\/schema\/logo\/image\/","url":"https:\/\/wooliv.pt\/wp-content\/uploads\/2023\/09\/icon-black-WOOLIV.png","contentUrl":"https:\/\/wooliv.pt\/wp-content\/uploads\/2023\/09\/icon-black-WOOLIV.png","width":512,"height":512,"caption":"Wooliv"},"image":{"@id":"https:\/\/wooliv.pt\/#\/schema\/logo\/image\/"}}]}},"_links":{"self":[{"href":"https:\/\/wooliv.pt\/pt\/wp-json\/wp\/v2\/product\/22439","targetHints":{"allow":["GET"]}}],"collection":[{"href":"https:\/\/wooliv.pt\/pt\/wp-json\/wp\/v2\/product"}],"about":[{"href":"https:\/\/wooliv.pt\/pt\/wp-json\/wp\/v2\/types\/product"}],"wp:featuredmedia":[{"embeddable":true,"href":"https:\/\/wooliv.pt\/pt\/wp-json\/wp\/v2\/media\/14792"}],"wp:attachment":[{"href":"https:\/\/wooliv.pt\/pt\/wp-json\/wp\/v2\/media?parent=22439"}],"wp:term":[{"taxonomy":"product_cat","embeddable":true,"href":"https:\/\/wooliv.pt\/pt\/wp-json\/wp\/v2\/product_cat?post=22439"},{"taxonomy":"product_tag","embeddable":true,"href":"https:\/\/wooliv.pt\/pt\/wp-json\/wp\/v2\/product_tag?post=22439"}],"curies":[{"name":"wp","href":"https:\/\/api.w.org\/{rel}","templated":true}]}}