{"id":23,"date":"2023-09-08T11:18:19","date_gmt":"2023-09-08T11:18:19","guid":{"rendered":"https:\/\/wooliv.pt\/?post_type=product&#038;p=23"},"modified":"2025-01-18T11:34:25","modified_gmt":"2025-01-18T11:34:25","slug":"cronus-chair","status":"publish","type":"product","link":"https:\/\/wooliv.pt\/pt\/produto\/upholsteries\/cronus-chair\/","title":{"rendered":"Cadeira Cronus em Tecido"},"content":{"rendered":"","protected":false},"excerpt":{"rendered":"<p><span class=\"S1PPyQ\">Esta \u00e9 uma pe\u00e7a de mobili\u00e1rio confort\u00e1vel e elegante, projectada para relaxamento e conforto. Possui uma estrutura robusta feita de madeira, coberta com um estofo macio e dur\u00e1vel.<\/span><\/p>","protected":false},"featured_media":880,"template":"","meta":[],"product_cat":[23],"product_tag":[],"class_list":["post-23","product","type-product","status-publish","has-post-thumbnail","hentry","product_cat-upholsteries","add-to-wishlist-before_image"],"acf":[],"yoast_head":"<!-- This site is optimized with the Yoast SEO plugin v21.6 - https:\/\/yoast.com\/wordpress\/plugins\/seo\/ -->\n<title>Cronus Upholstered Chair - Wooliv<\/title>\n<meta name=\"robots\" content=\"index, follow, max-snippet:-1, max-image-preview:large, max-video-preview:-1\" \/>\n<link rel=\"canonical\" href=\"https:\/\/wooliv.pt\/pt\/produto\/upholsteries\/cronus-chair\/\" \/>\n<meta property=\"og:locale\" content=\"pt_PT\" \/>\n<meta property=\"og:type\" content=\"article\" \/>\n<meta property=\"og:title\" content=\"Cronus Upholstered Chair - Wooliv\" \/>\n<meta property=\"og:description\" content=\"This is a comfortable and stylish piece of furniture designed for relaxation and comfort. It has a sturdy frame made of wood, which is covered with soft and durable upholstery.\" \/>\n<meta property=\"og:url\" content=\"https:\/\/wooliv.pt\/pt\/produto\/upholsteries\/cronus-chair\/\" \/>\n<meta property=\"og:site_name\" content=\"Wooliv\" \/>\n<meta property=\"article:modified_time\" content=\"2025-01-18T11:34:25+00:00\" \/>\n<meta property=\"og:image\" content=\"https:\/\/wooliv.pt\/wp-content\/uploads\/2023\/09\/Zeus-Upholsteries-Wooliv-1.jpg\" \/>\n\t<meta property=\"og:image:width\" content=\"1000\" \/>\n\t<meta property=\"og:image:height\" content=\"700\" \/>\n\t<meta property=\"og:image:type\" content=\"image\/jpeg\" \/>\n<meta name=\"twitter:card\" content=\"summary_large_image\" \/>\n<script type=\"application\/ld+json\" class=\"yoast-schema-graph\">{\"@context\":\"https:\/\/schema.org\",\"@graph\":[{\"@type\":\"WebPage\",\"@id\":\"https:\/\/wooliv.pt\/product\/upholsteries\/cronus-chair\/\",\"url\":\"https:\/\/wooliv.pt\/product\/upholsteries\/cronus-chair\/\",\"name\":\"Cronus Upholstered Chair - Wooliv\",\"isPartOf\":{\"@id\":\"https:\/\/wooliv.pt\/#website\"},\"datePublished\":\"2023-09-08T11:18:19+00:00\",\"dateModified\":\"2025-01-18T11:34:25+00:00\",\"breadcrumb\":{\"@id\":\"https:\/\/wooliv.pt\/product\/upholsteries\/cronus-chair\/#breadcrumb\"},\"inLanguage\":\"pt-PT\",\"potentialAction\":[{\"@type\":\"ReadAction\",\"target\":[\"https:\/\/wooliv.pt\/product\/upholsteries\/cronus-chair\/\"]}]},{\"@type\":\"BreadcrumbList\",\"@id\":\"https:\/\/wooliv.pt\/product\/upholsteries\/cronus-chair\/#breadcrumb\",\"itemListElement\":[{\"@type\":\"ListItem\",\"position\":1,\"name\":\"Home\",\"item\":\"https:\/\/wooliv.pt\/\"},{\"@type\":\"ListItem\",\"position\":2,\"name\":\"Shop\",\"item\":\"https:\/\/wooliv.pt\/shop\/\"},{\"@type\":\"ListItem\",\"position\":3,\"name\":\"Cronus Upholstered Chair\"}]},{\"@type\":\"WebSite\",\"@id\":\"https:\/\/wooliv.pt\/#website\",\"url\":\"https:\/\/wooliv.pt\/\",\"name\":\"Wooliv\",\"description\":\"\",\"publisher\":{\"@id\":\"https:\/\/wooliv.pt\/#organization\"},\"potentialAction\":[{\"@type\":\"SearchAction\",\"target\":{\"@type\":\"EntryPoint\",\"urlTemplate\":\"https:\/\/wooliv.pt\/?s={search_term_string}\"},\"query-input\":\"required name=search_term_string\"}],\"inLanguage\":\"pt-PT\"},{\"@type\":\"Organization\",\"@id\":\"https:\/\/wooliv.pt\/#organization\",\"name\":\"Wooliv\",\"url\":\"https:\/\/wooliv.pt\/\",\"logo\":{\"@type\":\"ImageObject\",\"inLanguage\":\"pt-PT\",\"@id\":\"https:\/\/wooliv.pt\/#\/schema\/logo\/image\/\",\"url\":\"https:\/\/wooliv.pt\/wp-content\/uploads\/2023\/09\/icon-black-WOOLIV.png\",\"contentUrl\":\"https:\/\/wooliv.pt\/wp-content\/uploads\/2023\/09\/icon-black-WOOLIV.png\",\"width\":512,\"height\":512,\"caption\":\"Wooliv\"},\"image\":{\"@id\":\"https:\/\/wooliv.pt\/#\/schema\/logo\/image\/\"}}]}<\/script>\n<!-- \/ Yoast SEO plugin. -->","yoast_head_json":{"title":"Cronus Upholstered Chair - Wooliv","robots":{"index":"index","follow":"follow","max-snippet":"max-snippet:-1","max-image-preview":"max-image-preview:large","max-video-preview":"max-video-preview:-1"},"canonical":"https:\/\/wooliv.pt\/pt\/produto\/upholsteries\/cronus-chair\/","og_locale":"pt_PT","og_type":"article","og_title":"Cronus Upholstered Chair - Wooliv","og_description":"This is a comfortable and stylish piece of furniture designed for relaxation and comfort. It has a sturdy frame made of wood, which is covered with soft and durable upholstery.","og_url":"https:\/\/wooliv.pt\/pt\/produto\/upholsteries\/cronus-chair\/","og_site_name":"Wooliv","article_modified_time":"2025-01-18T11:34:25+00:00","og_image":[{"width":1000,"height":700,"url":"https:\/\/wooliv.pt\/wp-content\/uploads\/2023\/09\/Zeus-Upholsteries-Wooliv-1.jpg","type":"image\/jpeg"}],"twitter_card":"summary_large_image","schema":{"@context":"https:\/\/schema.org","@graph":[{"@type":"WebPage","@id":"https:\/\/wooliv.pt\/product\/upholsteries\/cronus-chair\/","url":"https:\/\/wooliv.pt\/product\/upholsteries\/cronus-chair\/","name":"Cronus Upholstered Chair - Wooliv","isPartOf":{"@id":"https:\/\/wooliv.pt\/#website"},"datePublished":"2023-09-08T11:18:19+00:00","dateModified":"2025-01-18T11:34:25+00:00","breadcrumb":{"@id":"https:\/\/wooliv.pt\/product\/upholsteries\/cronus-chair\/#breadcrumb"},"inLanguage":"pt-PT","potentialAction":[{"@type":"ReadAction","target":["https:\/\/wooliv.pt\/product\/upholsteries\/cronus-chair\/"]}]},{"@type":"BreadcrumbList","@id":"https:\/\/wooliv.pt\/product\/upholsteries\/cronus-chair\/#breadcrumb","itemListElement":[{"@type":"ListItem","position":1,"name":"Home","item":"https:\/\/wooliv.pt\/"},{"@type":"ListItem","position":2,"name":"Shop","item":"https:\/\/wooliv.pt\/shop\/"},{"@type":"ListItem","position":3,"name":"Cronus Upholstered Chair"}]},{"@type":"WebSite","@id":"https:\/\/wooliv.pt\/#website","url":"https:\/\/wooliv.pt\/","name":"Wooliv","description":"","publisher":{"@id":"https:\/\/wooliv.pt\/#organization"},"potentialAction":[{"@type":"SearchAction","target":{"@type":"EntryPoint","urlTemplate":"https:\/\/wooliv.pt\/?s={search_term_string}"},"query-input":"required name=search_term_string"}],"inLanguage":"pt-PT"},{"@type":"Organization","@id":"https:\/\/wooliv.pt\/#organization","name":"Wooliv","url":"https:\/\/wooliv.pt\/","logo":{"@type":"ImageObject","inLanguage":"pt-PT","@id":"https:\/\/wooliv.pt\/#\/schema\/logo\/image\/","url":"https:\/\/wooliv.pt\/wp-content\/uploads\/2023\/09\/icon-black-WOOLIV.png","contentUrl":"https:\/\/wooliv.pt\/wp-content\/uploads\/2023\/09\/icon-black-WOOLIV.png","width":512,"height":512,"caption":"Wooliv"},"image":{"@id":"https:\/\/wooliv.pt\/#\/schema\/logo\/image\/"}}]}},"_links":{"self":[{"href":"https:\/\/wooliv.pt\/pt\/wp-json\/wp\/v2\/product\/23","targetHints":{"allow":["GET"]}}],"collection":[{"href":"https:\/\/wooliv.pt\/pt\/wp-json\/wp\/v2\/product"}],"about":[{"href":"https:\/\/wooliv.pt\/pt\/wp-json\/wp\/v2\/types\/product"}],"wp:featuredmedia":[{"embeddable":true,"href":"https:\/\/wooliv.pt\/pt\/wp-json\/wp\/v2\/media\/880"}],"wp:attachment":[{"href":"https:\/\/wooliv.pt\/pt\/wp-json\/wp\/v2\/media?parent=23"}],"wp:term":[{"taxonomy":"product_cat","embeddable":true,"href":"https:\/\/wooliv.pt\/pt\/wp-json\/wp\/v2\/product_cat?post=23"},{"taxonomy":"product_tag","embeddable":true,"href":"https:\/\/wooliv.pt\/pt\/wp-json\/wp\/v2\/product_tag?post=23"}],"curies":[{"name":"wp","href":"https:\/\/api.w.org\/{rel}","templated":true}]}}