{"id":24,"date":"2023-09-08T11:19:07","date_gmt":"2023-09-08T11:19:07","guid":{"rendered":"https:\/\/wooliv.pt\/?post_type=product&#038;p=24"},"modified":"2025-01-18T11:35:55","modified_gmt":"2025-01-18T11:35:55","slug":"cronus","status":"publish","type":"product","link":"https:\/\/wooliv.pt\/pt\/produto\/upholsteries\/cronus\/","title":{"rendered":"Cadeira Cronus com palhinha"},"content":{"rendered":"","protected":false},"excerpt":{"rendered":"<p><span class=\"S1PPyQ\">A cadeira Cronus \u00e9 um s\u00edmbolo de luxo e eleg\u00e2ncia, projectada para oferecer o m\u00e1ximo em conforto e estilo. A cadeira \u00e9 trabalhada com os melhores materiais e artesanato especializado, resultando numa pe\u00e7a de mobili\u00e1rio bela e funcional.<\/span><\/p>","protected":false},"featured_media":15069,"template":"","meta":[],"product_cat":[23],"product_tag":[],"class_list":["post-24","product","type-product","status-publish","has-post-thumbnail","hentry","product_cat-upholsteries","add-to-wishlist-before_image"],"acf":[],"yoast_head":"<!-- This site is optimized with the Yoast SEO plugin v21.6 - https:\/\/yoast.com\/wordpress\/plugins\/seo\/ -->\n<title>Cronus Wicker Chair - Wooliv<\/title>\n<meta name=\"robots\" content=\"index, follow, max-snippet:-1, max-image-preview:large, max-video-preview:-1\" \/>\n<link rel=\"canonical\" href=\"https:\/\/wooliv.pt\/pt\/produto\/upholsteries\/cronus\/\" \/>\n<meta property=\"og:locale\" content=\"pt_PT\" \/>\n<meta property=\"og:type\" content=\"article\" \/>\n<meta property=\"og:title\" content=\"Cronus Wicker Chair - Wooliv\" \/>\n<meta property=\"og:description\" content=\"The cronus chair is a symbol of luxury and elegance, designed to offer the ultimate in comfort and style. The chair is crafted with the finest materials and expert workmanship, resulting in a beautiful and functional piece of furniture.\" \/>\n<meta property=\"og:url\" content=\"https:\/\/wooliv.pt\/pt\/produto\/upholsteries\/cronus\/\" \/>\n<meta property=\"og:site_name\" content=\"Wooliv\" \/>\n<meta property=\"article:modified_time\" content=\"2025-01-18T11:35:55+00:00\" \/>\n<meta property=\"og:image\" content=\"https:\/\/wooliv.pt\/wp-content\/uploads\/2023\/09\/CRONUS-Wicker-Chair-by-Wooliv-4.jpg\" \/>\n\t<meta property=\"og:image:width\" content=\"2000\" \/>\n\t<meta property=\"og:image:height\" content=\"1400\" \/>\n\t<meta property=\"og:image:type\" content=\"image\/jpeg\" \/>\n<meta name=\"twitter:card\" content=\"summary_large_image\" \/>\n<script type=\"application\/ld+json\" class=\"yoast-schema-graph\">{\"@context\":\"https:\/\/schema.org\",\"@graph\":[{\"@type\":\"WebPage\",\"@id\":\"https:\/\/wooliv.pt\/product\/upholsteries\/cronus\/\",\"url\":\"https:\/\/wooliv.pt\/product\/upholsteries\/cronus\/\",\"name\":\"Cronus Wicker Chair - Wooliv\",\"isPartOf\":{\"@id\":\"https:\/\/wooliv.pt\/#website\"},\"datePublished\":\"2023-09-08T11:19:07+00:00\",\"dateModified\":\"2025-01-18T11:35:55+00:00\",\"breadcrumb\":{\"@id\":\"https:\/\/wooliv.pt\/product\/upholsteries\/cronus\/#breadcrumb\"},\"inLanguage\":\"pt-PT\",\"potentialAction\":[{\"@type\":\"ReadAction\",\"target\":[\"https:\/\/wooliv.pt\/product\/upholsteries\/cronus\/\"]}]},{\"@type\":\"BreadcrumbList\",\"@id\":\"https:\/\/wooliv.pt\/product\/upholsteries\/cronus\/#breadcrumb\",\"itemListElement\":[{\"@type\":\"ListItem\",\"position\":1,\"name\":\"Home\",\"item\":\"https:\/\/wooliv.pt\/\"},{\"@type\":\"ListItem\",\"position\":2,\"name\":\"Shop\",\"item\":\"https:\/\/wooliv.pt\/shop\/\"},{\"@type\":\"ListItem\",\"position\":3,\"name\":\"Cronus Wicker Chair\"}]},{\"@type\":\"WebSite\",\"@id\":\"https:\/\/wooliv.pt\/#website\",\"url\":\"https:\/\/wooliv.pt\/\",\"name\":\"Wooliv\",\"description\":\"\",\"publisher\":{\"@id\":\"https:\/\/wooliv.pt\/#organization\"},\"potentialAction\":[{\"@type\":\"SearchAction\",\"target\":{\"@type\":\"EntryPoint\",\"urlTemplate\":\"https:\/\/wooliv.pt\/?s={search_term_string}\"},\"query-input\":\"required name=search_term_string\"}],\"inLanguage\":\"pt-PT\"},{\"@type\":\"Organization\",\"@id\":\"https:\/\/wooliv.pt\/#organization\",\"name\":\"Wooliv\",\"url\":\"https:\/\/wooliv.pt\/\",\"logo\":{\"@type\":\"ImageObject\",\"inLanguage\":\"pt-PT\",\"@id\":\"https:\/\/wooliv.pt\/#\/schema\/logo\/image\/\",\"url\":\"https:\/\/wooliv.pt\/wp-content\/uploads\/2023\/09\/icon-black-WOOLIV.png\",\"contentUrl\":\"https:\/\/wooliv.pt\/wp-content\/uploads\/2023\/09\/icon-black-WOOLIV.png\",\"width\":512,\"height\":512,\"caption\":\"Wooliv\"},\"image\":{\"@id\":\"https:\/\/wooliv.pt\/#\/schema\/logo\/image\/\"}}]}<\/script>\n<!-- \/ Yoast SEO plugin. -->","yoast_head_json":{"title":"Cronus Wicker Chair - Wooliv","robots":{"index":"index","follow":"follow","max-snippet":"max-snippet:-1","max-image-preview":"max-image-preview:large","max-video-preview":"max-video-preview:-1"},"canonical":"https:\/\/wooliv.pt\/pt\/produto\/upholsteries\/cronus\/","og_locale":"pt_PT","og_type":"article","og_title":"Cronus Wicker Chair - Wooliv","og_description":"The cronus chair is a symbol of luxury and elegance, designed to offer the ultimate in comfort and style. The chair is crafted with the finest materials and expert workmanship, resulting in a beautiful and functional piece of furniture.","og_url":"https:\/\/wooliv.pt\/pt\/produto\/upholsteries\/cronus\/","og_site_name":"Wooliv","article_modified_time":"2025-01-18T11:35:55+00:00","og_image":[{"width":2000,"height":1400,"url":"https:\/\/wooliv.pt\/wp-content\/uploads\/2023\/09\/CRONUS-Wicker-Chair-by-Wooliv-4.jpg","type":"image\/jpeg"}],"twitter_card":"summary_large_image","schema":{"@context":"https:\/\/schema.org","@graph":[{"@type":"WebPage","@id":"https:\/\/wooliv.pt\/product\/upholsteries\/cronus\/","url":"https:\/\/wooliv.pt\/product\/upholsteries\/cronus\/","name":"Cronus Wicker Chair - Wooliv","isPartOf":{"@id":"https:\/\/wooliv.pt\/#website"},"datePublished":"2023-09-08T11:19:07+00:00","dateModified":"2025-01-18T11:35:55+00:00","breadcrumb":{"@id":"https:\/\/wooliv.pt\/product\/upholsteries\/cronus\/#breadcrumb"},"inLanguage":"pt-PT","potentialAction":[{"@type":"ReadAction","target":["https:\/\/wooliv.pt\/product\/upholsteries\/cronus\/"]}]},{"@type":"BreadcrumbList","@id":"https:\/\/wooliv.pt\/product\/upholsteries\/cronus\/#breadcrumb","itemListElement":[{"@type":"ListItem","position":1,"name":"Home","item":"https:\/\/wooliv.pt\/"},{"@type":"ListItem","position":2,"name":"Shop","item":"https:\/\/wooliv.pt\/shop\/"},{"@type":"ListItem","position":3,"name":"Cronus Wicker Chair"}]},{"@type":"WebSite","@id":"https:\/\/wooliv.pt\/#website","url":"https:\/\/wooliv.pt\/","name":"Wooliv","description":"","publisher":{"@id":"https:\/\/wooliv.pt\/#organization"},"potentialAction":[{"@type":"SearchAction","target":{"@type":"EntryPoint","urlTemplate":"https:\/\/wooliv.pt\/?s={search_term_string}"},"query-input":"required name=search_term_string"}],"inLanguage":"pt-PT"},{"@type":"Organization","@id":"https:\/\/wooliv.pt\/#organization","name":"Wooliv","url":"https:\/\/wooliv.pt\/","logo":{"@type":"ImageObject","inLanguage":"pt-PT","@id":"https:\/\/wooliv.pt\/#\/schema\/logo\/image\/","url":"https:\/\/wooliv.pt\/wp-content\/uploads\/2023\/09\/icon-black-WOOLIV.png","contentUrl":"https:\/\/wooliv.pt\/wp-content\/uploads\/2023\/09\/icon-black-WOOLIV.png","width":512,"height":512,"caption":"Wooliv"},"image":{"@id":"https:\/\/wooliv.pt\/#\/schema\/logo\/image\/"}}]}},"_links":{"self":[{"href":"https:\/\/wooliv.pt\/pt\/wp-json\/wp\/v2\/product\/24","targetHints":{"allow":["GET"]}}],"collection":[{"href":"https:\/\/wooliv.pt\/pt\/wp-json\/wp\/v2\/product"}],"about":[{"href":"https:\/\/wooliv.pt\/pt\/wp-json\/wp\/v2\/types\/product"}],"wp:featuredmedia":[{"embeddable":true,"href":"https:\/\/wooliv.pt\/pt\/wp-json\/wp\/v2\/media\/15069"}],"wp:attachment":[{"href":"https:\/\/wooliv.pt\/pt\/wp-json\/wp\/v2\/media?parent=24"}],"wp:term":[{"taxonomy":"product_cat","embeddable":true,"href":"https:\/\/wooliv.pt\/pt\/wp-json\/wp\/v2\/product_cat?post=24"},{"taxonomy":"product_tag","embeddable":true,"href":"https:\/\/wooliv.pt\/pt\/wp-json\/wp\/v2\/product_tag?post=24"}],"curies":[{"name":"wp","href":"https:\/\/api.w.org\/{rel}","templated":true}]}}