{"id":6170,"date":"2023-12-19T22:09:41","date_gmt":"2023-12-19T22:09:41","guid":{"rendered":"https:\/\/wooliv.pt\/?post_type=product&#038;p=6170"},"modified":"2024-10-24T08:19:50","modified_gmt":"2024-10-24T08:19:50","slug":"zeus-7","status":"publish","type":"product","link":"https:\/\/wooliv.pt\/pt\/produto\/dressers\/zeus-7\/","title":{"rendered":"Ba\u00fa Zeus"},"content":{"rendered":"","protected":false},"excerpt":{"rendered":"<p><span class=\"S1PPyQ\">Esta c\u00f3moda \u00e9 uma pe\u00e7a de destaque que pode transformar qualquer quarto numa obra de arte. \u00c9 simultaneamente funcional e esteticamente agrad\u00e1vel, tornando-se uma adi\u00e7\u00e3o vers\u00e1til a qualquer lar.<\/span><\/p>","protected":false},"featured_media":14708,"template":"","meta":[],"product_cat":[25],"product_tag":[],"class_list":["post-6170","product","type-product","status-publish","has-post-thumbnail","hentry","product_cat-dressers","add-to-wishlist-before_image"],"acf":[],"yoast_head":"<!-- This site is optimized with the Yoast SEO plugin v21.6 - https:\/\/yoast.com\/wordpress\/plugins\/seo\/ -->\n<title>Zeus Chest - Wooliv<\/title>\n<meta name=\"robots\" content=\"index, follow, max-snippet:-1, max-image-preview:large, max-video-preview:-1\" \/>\n<link rel=\"canonical\" href=\"https:\/\/wooliv.pt\/pt\/produto\/dressers\/zeus-7\/\" \/>\n<meta property=\"og:locale\" content=\"pt_PT\" \/>\n<meta property=\"og:type\" content=\"article\" \/>\n<meta property=\"og:title\" content=\"Zeus Chest - Wooliv\" \/>\n<meta property=\"og:description\" content=\"This dresser is a statement piece that can transform any room into a work of art. It is both functional and aesthetically pleasing, making it a versatile addition to any home.\" \/>\n<meta property=\"og:url\" content=\"https:\/\/wooliv.pt\/pt\/produto\/dressers\/zeus-7\/\" \/>\n<meta property=\"og:site_name\" content=\"Wooliv\" \/>\n<meta property=\"article:modified_time\" content=\"2024-10-24T08:19:50+00:00\" \/>\n<meta property=\"og:image\" content=\"https:\/\/wooliv.pt\/wp-content\/uploads\/2023\/12\/zeus-chest_wooliv-4.jpg\" \/>\n\t<meta property=\"og:image:width\" content=\"1000\" \/>\n\t<meta property=\"og:image:height\" content=\"700\" \/>\n\t<meta property=\"og:image:type\" content=\"image\/jpeg\" \/>\n<meta name=\"twitter:card\" content=\"summary_large_image\" \/>\n<script type=\"application\/ld+json\" class=\"yoast-schema-graph\">{\"@context\":\"https:\/\/schema.org\",\"@graph\":[{\"@type\":\"WebPage\",\"@id\":\"https:\/\/wooliv.pt\/product\/dressers\/zeus-7\/\",\"url\":\"https:\/\/wooliv.pt\/product\/dressers\/zeus-7\/\",\"name\":\"Zeus Chest - Wooliv\",\"isPartOf\":{\"@id\":\"https:\/\/wooliv.pt\/#website\"},\"datePublished\":\"2023-12-19T22:09:41+00:00\",\"dateModified\":\"2024-10-24T08:19:50+00:00\",\"breadcrumb\":{\"@id\":\"https:\/\/wooliv.pt\/product\/dressers\/zeus-7\/#breadcrumb\"},\"inLanguage\":\"pt-PT\",\"potentialAction\":[{\"@type\":\"ReadAction\",\"target\":[\"https:\/\/wooliv.pt\/product\/dressers\/zeus-7\/\"]}]},{\"@type\":\"BreadcrumbList\",\"@id\":\"https:\/\/wooliv.pt\/product\/dressers\/zeus-7\/#breadcrumb\",\"itemListElement\":[{\"@type\":\"ListItem\",\"position\":1,\"name\":\"Home\",\"item\":\"https:\/\/wooliv.pt\/\"},{\"@type\":\"ListItem\",\"position\":2,\"name\":\"Shop\",\"item\":\"https:\/\/wooliv.pt\/shop\/\"},{\"@type\":\"ListItem\",\"position\":3,\"name\":\"Zeus Chest\"}]},{\"@type\":\"WebSite\",\"@id\":\"https:\/\/wooliv.pt\/#website\",\"url\":\"https:\/\/wooliv.pt\/\",\"name\":\"Wooliv\",\"description\":\"\",\"publisher\":{\"@id\":\"https:\/\/wooliv.pt\/#organization\"},\"potentialAction\":[{\"@type\":\"SearchAction\",\"target\":{\"@type\":\"EntryPoint\",\"urlTemplate\":\"https:\/\/wooliv.pt\/?s={search_term_string}\"},\"query-input\":\"required name=search_term_string\"}],\"inLanguage\":\"pt-PT\"},{\"@type\":\"Organization\",\"@id\":\"https:\/\/wooliv.pt\/#organization\",\"name\":\"Wooliv\",\"url\":\"https:\/\/wooliv.pt\/\",\"logo\":{\"@type\":\"ImageObject\",\"inLanguage\":\"pt-PT\",\"@id\":\"https:\/\/wooliv.pt\/#\/schema\/logo\/image\/\",\"url\":\"https:\/\/wooliv.pt\/wp-content\/uploads\/2023\/09\/icon-black-WOOLIV.png\",\"contentUrl\":\"https:\/\/wooliv.pt\/wp-content\/uploads\/2023\/09\/icon-black-WOOLIV.png\",\"width\":512,\"height\":512,\"caption\":\"Wooliv\"},\"image\":{\"@id\":\"https:\/\/wooliv.pt\/#\/schema\/logo\/image\/\"}}]}<\/script>\n<!-- \/ Yoast SEO plugin. -->","yoast_head_json":{"title":"Zeus Chest - Wooliv","robots":{"index":"index","follow":"follow","max-snippet":"max-snippet:-1","max-image-preview":"max-image-preview:large","max-video-preview":"max-video-preview:-1"},"canonical":"https:\/\/wooliv.pt\/pt\/produto\/dressers\/zeus-7\/","og_locale":"pt_PT","og_type":"article","og_title":"Zeus Chest - Wooliv","og_description":"This dresser is a statement piece that can transform any room into a work of art. It is both functional and aesthetically pleasing, making it a versatile addition to any home.","og_url":"https:\/\/wooliv.pt\/pt\/produto\/dressers\/zeus-7\/","og_site_name":"Wooliv","article_modified_time":"2024-10-24T08:19:50+00:00","og_image":[{"width":1000,"height":700,"url":"https:\/\/wooliv.pt\/wp-content\/uploads\/2023\/12\/zeus-chest_wooliv-4.jpg","type":"image\/jpeg"}],"twitter_card":"summary_large_image","schema":{"@context":"https:\/\/schema.org","@graph":[{"@type":"WebPage","@id":"https:\/\/wooliv.pt\/product\/dressers\/zeus-7\/","url":"https:\/\/wooliv.pt\/product\/dressers\/zeus-7\/","name":"Zeus Chest - Wooliv","isPartOf":{"@id":"https:\/\/wooliv.pt\/#website"},"datePublished":"2023-12-19T22:09:41+00:00","dateModified":"2024-10-24T08:19:50+00:00","breadcrumb":{"@id":"https:\/\/wooliv.pt\/product\/dressers\/zeus-7\/#breadcrumb"},"inLanguage":"pt-PT","potentialAction":[{"@type":"ReadAction","target":["https:\/\/wooliv.pt\/product\/dressers\/zeus-7\/"]}]},{"@type":"BreadcrumbList","@id":"https:\/\/wooliv.pt\/product\/dressers\/zeus-7\/#breadcrumb","itemListElement":[{"@type":"ListItem","position":1,"name":"Home","item":"https:\/\/wooliv.pt\/"},{"@type":"ListItem","position":2,"name":"Shop","item":"https:\/\/wooliv.pt\/shop\/"},{"@type":"ListItem","position":3,"name":"Zeus Chest"}]},{"@type":"WebSite","@id":"https:\/\/wooliv.pt\/#website","url":"https:\/\/wooliv.pt\/","name":"Wooliv","description":"","publisher":{"@id":"https:\/\/wooliv.pt\/#organization"},"potentialAction":[{"@type":"SearchAction","target":{"@type":"EntryPoint","urlTemplate":"https:\/\/wooliv.pt\/?s={search_term_string}"},"query-input":"required name=search_term_string"}],"inLanguage":"pt-PT"},{"@type":"Organization","@id":"https:\/\/wooliv.pt\/#organization","name":"Wooliv","url":"https:\/\/wooliv.pt\/","logo":{"@type":"ImageObject","inLanguage":"pt-PT","@id":"https:\/\/wooliv.pt\/#\/schema\/logo\/image\/","url":"https:\/\/wooliv.pt\/wp-content\/uploads\/2023\/09\/icon-black-WOOLIV.png","contentUrl":"https:\/\/wooliv.pt\/wp-content\/uploads\/2023\/09\/icon-black-WOOLIV.png","width":512,"height":512,"caption":"Wooliv"},"image":{"@id":"https:\/\/wooliv.pt\/#\/schema\/logo\/image\/"}}]}},"_links":{"self":[{"href":"https:\/\/wooliv.pt\/pt\/wp-json\/wp\/v2\/product\/6170","targetHints":{"allow":["GET"]}}],"collection":[{"href":"https:\/\/wooliv.pt\/pt\/wp-json\/wp\/v2\/product"}],"about":[{"href":"https:\/\/wooliv.pt\/pt\/wp-json\/wp\/v2\/types\/product"}],"wp:featuredmedia":[{"embeddable":true,"href":"https:\/\/wooliv.pt\/pt\/wp-json\/wp\/v2\/media\/14708"}],"wp:attachment":[{"href":"https:\/\/wooliv.pt\/pt\/wp-json\/wp\/v2\/media?parent=6170"}],"wp:term":[{"taxonomy":"product_cat","embeddable":true,"href":"https:\/\/wooliv.pt\/pt\/wp-json\/wp\/v2\/product_cat?post=6170"},{"taxonomy":"product_tag","embeddable":true,"href":"https:\/\/wooliv.pt\/pt\/wp-json\/wp\/v2\/product_tag?post=6170"}],"curies":[{"name":"wp","href":"https:\/\/api.w.org\/{rel}","templated":true}]}}